{"id":131,"date":"2019-09-20T12:34:08","date_gmt":"2019-09-20T12:34:08","guid":{"rendered":"https:\/\/wanderlustfirst.eu\/?page_id=131"},"modified":"2020-06-22T13:03:43","modified_gmt":"2020-06-22T11:03:43","slug":"partner","status":"publish","type":"page","link":"https:\/\/wanderlustfirst.eu\/?page_id=131","title":{"rendered":"Partner"},"content":{"rendered":"\n<p>Was w\u00e4re so ein Projekt ohne Partner! <\/p>\n\n\n\n<p>F\u00fcr die Unterst\u00fctzung bei den Vorbereitungen f\u00fcr die Reise mein Dank gilt insbesondere:<\/p>\n\n\n\n<h5>BMW Fallert Motorradtechnik in Achern<\/h5>\n\n\n\n<p>Danke f\u00fcr die optimale Vorbereitung der Maschine f\u00fcr die lange Reise!<\/p>\n\n\n\n<figure class=\"wp-block-image\"><img data-attachment-id=\"134\" data-permalink=\"https:\/\/wanderlustfirst.eu\/?attachment_id=134\" data-orig-file=\"https:\/\/i0.wp.com\/wanderlustfirst.eu\/wp-content\/uploads\/2019\/09\/F852B52E-A747-4892-8494-7DBBD441653F.jpeg?fit=3532%2C2164&amp;ssl=1\" data-orig-size=\"3532,2164\" data-comments-opened=\"1\" data-image-meta=\"{&quot;aperture&quot;:&quot;1.8&quot;,&quot;credit&quot;:&quot;&quot;,&quot;camera&quot;:&quot;iPhone XS&quot;,&quot;caption&quot;:&quot;&quot;,&quot;created_timestamp&quot;:&quot;1565281156&quot;,&quot;copyright&quot;:&quot;&quot;,&quot;focal_length&quot;:&quot;4.25&quot;,&quot;iso&quot;:&quot;25&quot;,&quot;shutter_speed&quot;:&quot;0.00035298270384751&quot;,&quot;title&quot;:&quot;&quot;,&quot;orientation&quot;:&quot;0&quot;}\" data-image-title=\"F852B52E-A747-4892-8494-7DBBD441653F\" data-image-description=\"\" data-image-caption=\"&lt;p&gt;Das beste BMW-Motorrad-Team in ganz Baden!&lt;\/p&gt;\n\" data-medium-file=\"https:\/\/i0.wp.com\/wanderlustfirst.eu\/wp-content\/uploads\/2019\/09\/F852B52E-A747-4892-8494-7DBBD441653F.jpeg?fit=300%2C184&amp;ssl=1\" data-large-file=\"https:\/\/i0.wp.com\/wanderlustfirst.eu\/wp-content\/uploads\/2019\/09\/F852B52E-A747-4892-8494-7DBBD441653F.jpeg?fit=525%2C321&amp;ssl=1\" decoding=\"async\" loading=\"lazy\" width=\"525\" height=\"321\" src=\"https:\/\/i0.wp.com\/wanderlustfirst.eu\/wp-content\/uploads\/2019\/09\/F852B52E-A747-4892-8494-7DBBD441653F.jpeg?resize=525%2C321&#038;ssl=1\" alt=\"\" class=\"wp-image-134\" srcset=\"https:\/\/i0.wp.com\/wanderlustfirst.eu\/wp-content\/uploads\/2019\/09\/F852B52E-A747-4892-8494-7DBBD441653F.jpeg?resize=1024%2C627&amp;ssl=1 1024w, https:\/\/i0.wp.com\/wanderlustfirst.eu\/wp-content\/uploads\/2019\/09\/F852B52E-A747-4892-8494-7DBBD441653F.jpeg?resize=300%2C184&amp;ssl=1 300w, https:\/\/i0.wp.com\/wanderlustfirst.eu\/wp-content\/uploads\/2019\/09\/F852B52E-A747-4892-8494-7DBBD441653F.jpeg?resize=768%2C471&amp;ssl=1 768w, https:\/\/i0.wp.com\/wanderlustfirst.eu\/wp-content\/uploads\/2019\/09\/F852B52E-A747-4892-8494-7DBBD441653F.jpeg?w=1575&amp;ssl=1 1575w\" sizes=\"(max-width: 767px) 89vw, (max-width: 1000px) 54vw, (max-width: 1071px) 543px, 580px\" title=\"\" data-recalc-dims=\"1\"><figcaption>Das beste BMW-Motorrad-Team in ganz Baden!<\/figcaption><\/figure>\n\n\n\n<h5>Oxygym in Baden-Baden <\/h5>\n\n\n\n<p>Danke f\u00fcr die bestm\u00f6gliche physische Vorbereitung des Fahrers und die vielen guten Tipps, wie man unterwegs auch ohne moderne Ger\u00e4te fit bleiben kann!<\/p>\n\n\n\n<figure class=\"wp-block-image\"><img data-attachment-id=\"133\" data-permalink=\"https:\/\/wanderlustfirst.eu\/?attachment_id=133\" data-orig-file=\"https:\/\/i0.wp.com\/wanderlustfirst.eu\/wp-content\/uploads\/2019\/09\/F5803041-4EF7-45C1-B963-779F5D688301.jpeg?fit=4032%2C3024&amp;ssl=1\" data-orig-size=\"4032,3024\" data-comments-opened=\"1\" data-image-meta=\"{&quot;aperture&quot;:&quot;1.8&quot;,&quot;credit&quot;:&quot;&quot;,&quot;camera&quot;:&quot;iPhone XS&quot;,&quot;caption&quot;:&quot;&quot;,&quot;created_timestamp&quot;:&quot;1564579183&quot;,&quot;copyright&quot;:&quot;&quot;,&quot;focal_length&quot;:&quot;4.25&quot;,&quot;iso&quot;:&quot;25&quot;,&quot;shutter_speed&quot;:&quot;0.0098039215686275&quot;,&quot;title&quot;:&quot;&quot;,&quot;orientation&quot;:&quot;0&quot;}\" data-image-title=\"F5803041-4EF7-45C1-B963-779F5D688301\" data-image-description=\"\" data-image-caption=\"\" data-medium-file=\"https:\/\/i0.wp.com\/wanderlustfirst.eu\/wp-content\/uploads\/2019\/09\/F5803041-4EF7-45C1-B963-779F5D688301.jpeg?fit=300%2C225&amp;ssl=1\" data-large-file=\"https:\/\/i0.wp.com\/wanderlustfirst.eu\/wp-content\/uploads\/2019\/09\/F5803041-4EF7-45C1-B963-779F5D688301.jpeg?fit=525%2C394&amp;ssl=1\" decoding=\"async\" loading=\"lazy\" width=\"525\" height=\"394\" src=\"https:\/\/i0.wp.com\/wanderlustfirst.eu\/wp-content\/uploads\/2019\/09\/F5803041-4EF7-45C1-B963-779F5D688301.jpeg?resize=525%2C394&#038;ssl=1\" alt=\"\" class=\"wp-image-133\" srcset=\"https:\/\/i0.wp.com\/wanderlustfirst.eu\/wp-content\/uploads\/2019\/09\/F5803041-4EF7-45C1-B963-779F5D688301.jpeg?resize=1024%2C768&amp;ssl=1 1024w, https:\/\/i0.wp.com\/wanderlustfirst.eu\/wp-content\/uploads\/2019\/09\/F5803041-4EF7-45C1-B963-779F5D688301.jpeg?resize=300%2C225&amp;ssl=1 300w, https:\/\/i0.wp.com\/wanderlustfirst.eu\/wp-content\/uploads\/2019\/09\/F5803041-4EF7-45C1-B963-779F5D688301.jpeg?resize=768%2C576&amp;ssl=1 768w, https:\/\/i0.wp.com\/wanderlustfirst.eu\/wp-content\/uploads\/2019\/09\/F5803041-4EF7-45C1-B963-779F5D688301.jpeg?w=1575&amp;ssl=1 1575w\" sizes=\"(max-width: 767px) 89vw, (max-width: 1000px) 54vw, (max-width: 1071px) 543px, 580px\" title=\"\" data-recalc-dims=\"1\"><\/figure>\n\n\n\n<h5>Guglatech aus Italien<\/h5>\n\n\n\n<div class=\"wp-block-image\"><figure class=\"alignleft\"><img data-attachment-id=\"138\" data-permalink=\"https:\/\/wanderlustfirst.eu\/?attachment_id=138\" data-orig-file=\"https:\/\/i0.wp.com\/wanderlustfirst.eu\/wp-content\/uploads\/2019\/09\/6A8F2F02-5425-493D-A831-94AAFB6FFB40.png?fit=231%2C218&amp;ssl=1\" data-orig-size=\"231,218\" data-comments-opened=\"1\" data-image-meta=\"{&quot;aperture&quot;:&quot;0&quot;,&quot;credit&quot;:&quot;&quot;,&quot;camera&quot;:&quot;&quot;,&quot;caption&quot;:&quot;&quot;,&quot;created_timestamp&quot;:&quot;0&quot;,&quot;copyright&quot;:&quot;&quot;,&quot;focal_length&quot;:&quot;0&quot;,&quot;iso&quot;:&quot;0&quot;,&quot;shutter_speed&quot;:&quot;0&quot;,&quot;title&quot;:&quot;&quot;,&quot;orientation&quot;:&quot;0&quot;}\" data-image-title=\"6A8F2F02-5425-493D-A831-94AAFB6FFB40\" data-image-description=\"\" data-image-caption=\"\" data-medium-file=\"https:\/\/i0.wp.com\/wanderlustfirst.eu\/wp-content\/uploads\/2019\/09\/6A8F2F02-5425-493D-A831-94AAFB6FFB40.png?fit=231%2C218&amp;ssl=1\" data-large-file=\"https:\/\/i0.wp.com\/wanderlustfirst.eu\/wp-content\/uploads\/2019\/09\/6A8F2F02-5425-493D-A831-94AAFB6FFB40.png?fit=231%2C218&amp;ssl=1\" decoding=\"async\" loading=\"lazy\" width=\"231\" height=\"218\" src=\"https:\/\/i0.wp.com\/wanderlustfirst.eu\/wp-content\/uploads\/2019\/09\/6A8F2F02-5425-493D-A831-94AAFB6FFB40.png?resize=231%2C218&#038;ssl=1\" alt=\"\" class=\"wp-image-138\" title=\"\" data-recalc-dims=\"1\"><\/figure><\/div>\n\n\n\n<p>Dank Guglatech habe ich eine wichtige Sorge weniger: die Qualit\u00e4t des Benzins. Guglatech ist bietet hochwertige Filtersysteme f\u00fcr die wichtigsten Motorradmodelle. Wie sich der Benzinfilter in meinem Tank bewehrt, werde ich zum gegebenen Anlass berichten. <\/p>\n\n\n\n<h5>Touratech Niedereschach<\/h5>\n\n\n\n<p>Vielen Dank an Michael von Touratech f\u00fcr die geduldige Beratung und die vielen Tipps und Hinweise! <\/p>\n\n\n\n<div class=\"wp-block-image\"><figure class=\"aligncenter is-resized\"><img data-attachment-id=\"140\" data-permalink=\"https:\/\/wanderlustfirst.eu\/?attachment_id=140\" data-orig-file=\"https:\/\/i0.wp.com\/wanderlustfirst.eu\/wp-content\/uploads\/2019\/09\/57EE77E9-6E1F-441C-93DD-77AAE764A2D1.jpeg?fit=4032%2C3024&amp;ssl=1\" data-orig-size=\"4032,3024\" data-comments-opened=\"1\" data-image-meta=\"{&quot;aperture&quot;:&quot;1.8&quot;,&quot;credit&quot;:&quot;&quot;,&quot;camera&quot;:&quot;iPhone XS&quot;,&quot;caption&quot;:&quot;&quot;,&quot;created_timestamp&quot;:&quot;1564667370&quot;,&quot;copyright&quot;:&quot;&quot;,&quot;focal_length&quot;:&quot;4.25&quot;,&quot;iso&quot;:&quot;25&quot;,&quot;shutter_speed&quot;:&quot;0.00085034013605442&quot;,&quot;title&quot;:&quot;&quot;,&quot;orientation&quot;:&quot;0&quot;}\" data-image-title=\"57EE77E9-6E1F-441C-93DD-77AAE764A2D1\" data-image-description=\"\" data-image-caption=\"\" data-medium-file=\"https:\/\/i0.wp.com\/wanderlustfirst.eu\/wp-content\/uploads\/2019\/09\/57EE77E9-6E1F-441C-93DD-77AAE764A2D1.jpeg?fit=300%2C225&amp;ssl=1\" data-large-file=\"https:\/\/i0.wp.com\/wanderlustfirst.eu\/wp-content\/uploads\/2019\/09\/57EE77E9-6E1F-441C-93DD-77AAE764A2D1.jpeg?fit=525%2C394&amp;ssl=1\" decoding=\"async\" loading=\"lazy\" src=\"https:\/\/i0.wp.com\/wanderlustfirst.eu\/wp-content\/uploads\/2019\/09\/57EE77E9-6E1F-441C-93DD-77AAE764A2D1.jpeg?resize=525%2C395&#038;ssl=1\" alt=\"\" class=\"wp-image-140\" width=\"525\" height=\"395\" srcset=\"https:\/\/i0.wp.com\/wanderlustfirst.eu\/wp-content\/uploads\/2019\/09\/57EE77E9-6E1F-441C-93DD-77AAE764A2D1.jpeg?resize=1024%2C768&amp;ssl=1 1024w, https:\/\/i0.wp.com\/wanderlustfirst.eu\/wp-content\/uploads\/2019\/09\/57EE77E9-6E1F-441C-93DD-77AAE764A2D1.jpeg?resize=300%2C225&amp;ssl=1 300w, https:\/\/i0.wp.com\/wanderlustfirst.eu\/wp-content\/uploads\/2019\/09\/57EE77E9-6E1F-441C-93DD-77AAE764A2D1.jpeg?resize=768%2C576&amp;ssl=1 768w, https:\/\/i0.wp.com\/wanderlustfirst.eu\/wp-content\/uploads\/2019\/09\/57EE77E9-6E1F-441C-93DD-77AAE764A2D1.jpeg?w=1575&amp;ssl=1 1575w\" sizes=\"(max-width: 525px) 100vw, 525px\" title=\"\" data-recalc-dims=\"1\"><\/figure><\/div>\n\n\n\n<hr class=\"wp-block-separator is-style-wide\"\/>\n\n\n\n<p><em>Ein besonderer Dank gilt der Firma<\/em><\/p>\n\n\n\n<h5>Carl Zeiss AG Oberkochen<\/h5>\n\n\n\n<p>F\u00fcr das Vertrauen und die Leihgabe hochwertiger Zeiss-Objektive. Ich freue mich ebenso auf die Kooperation in den Social Media!<\/p>\n\n\n\n<p>Instagram: #carlzeisslenses<\/p>\n\n\n\n<figure data-carousel-extra='{\"blog_id\":1,\"permalink\":\"https:\\\/\\\/wanderlustfirst.eu\\\/?page_id=131\"}'  class=\"is-layout-flex wp-block-gallery-1 wp-block-gallery aligncenter columns-2 is-cropped\"><ul class=\"blocks-gallery-grid\"><li class=\"blocks-gallery-item\"><figure><img data-attachment-id=\"145\" data-permalink=\"https:\/\/wanderlustfirst.eu\/?attachment_id=145\" data-orig-file=\"https:\/\/i0.wp.com\/wanderlustfirst.eu\/wp-content\/uploads\/2019\/09\/D154E2C6-AC7A-446F-99E4-599D2A9A87BE.jpeg?fit=3650%2C2433&amp;ssl=1\" data-orig-size=\"3650,2433\" data-comments-opened=\"1\" data-image-meta=\"{&quot;aperture&quot;:&quot;0&quot;,&quot;credit&quot;:&quot;&quot;,&quot;camera&quot;:&quot;&quot;,&quot;caption&quot;:&quot;&quot;,&quot;created_timestamp&quot;:&quot;0&quot;,&quot;copyright&quot;:&quot;&quot;,&quot;focal_length&quot;:&quot;0&quot;,&quot;iso&quot;:&quot;0&quot;,&quot;shutter_speed&quot;:&quot;0&quot;,&quot;title&quot;:&quot;&quot;,&quot;orientation&quot;:&quot;0&quot;}\" data-image-title=\"D154E2C6-AC7A-446F-99E4-599D2A9A87BE\" data-image-description=\"\" data-image-caption=\"\" data-medium-file=\"https:\/\/i0.wp.com\/wanderlustfirst.eu\/wp-content\/uploads\/2019\/09\/D154E2C6-AC7A-446F-99E4-599D2A9A87BE.jpeg?fit=300%2C200&amp;ssl=1\" data-large-file=\"https:\/\/i0.wp.com\/wanderlustfirst.eu\/wp-content\/uploads\/2019\/09\/D154E2C6-AC7A-446F-99E4-599D2A9A87BE.jpeg?fit=525%2C350&amp;ssl=1\" decoding=\"async\" loading=\"lazy\" width=\"525\" height=\"350\" src=\"https:\/\/i0.wp.com\/wanderlustfirst.eu\/wp-content\/uploads\/2019\/09\/D154E2C6-AC7A-446F-99E4-599D2A9A87BE.jpeg?resize=525%2C350&#038;ssl=1\" alt=\"\" data-id=\"145\" class=\"wp-image-145\" srcset=\"https:\/\/i0.wp.com\/wanderlustfirst.eu\/wp-content\/uploads\/2019\/09\/D154E2C6-AC7A-446F-99E4-599D2A9A87BE.jpeg?resize=1024%2C683&amp;ssl=1 1024w, https:\/\/i0.wp.com\/wanderlustfirst.eu\/wp-content\/uploads\/2019\/09\/D154E2C6-AC7A-446F-99E4-599D2A9A87BE.jpeg?resize=300%2C200&amp;ssl=1 300w, https:\/\/i0.wp.com\/wanderlustfirst.eu\/wp-content\/uploads\/2019\/09\/D154E2C6-AC7A-446F-99E4-599D2A9A87BE.jpeg?resize=768%2C512&amp;ssl=1 768w, https:\/\/i0.wp.com\/wanderlustfirst.eu\/wp-content\/uploads\/2019\/09\/D154E2C6-AC7A-446F-99E4-599D2A9A87BE.jpeg?w=1575&amp;ssl=1 1575w\" sizes=\"(max-width: 767px) 89vw, (max-width: 1000px) 54vw, (max-width: 1071px) 543px, 580px\" title=\"\" data-recalc-dims=\"1\"><\/figure><\/li><li class=\"blocks-gallery-item\"><figure><img data-attachment-id=\"148\" data-permalink=\"https:\/\/wanderlustfirst.eu\/?attachment_id=148\" data-orig-file=\"https:\/\/i0.wp.com\/wanderlustfirst.eu\/wp-content\/uploads\/2019\/09\/020FBD67-08BC-4940-B54C-A1743EFD9558.jpeg?fit=466%2C466&amp;ssl=1\" data-orig-size=\"466,466\" data-comments-opened=\"1\" data-image-meta=\"{&quot;aperture&quot;:&quot;0&quot;,&quot;credit&quot;:&quot;&quot;,&quot;camera&quot;:&quot;&quot;,&quot;caption&quot;:&quot;&quot;,&quot;created_timestamp&quot;:&quot;0&quot;,&quot;copyright&quot;:&quot;&quot;,&quot;focal_length&quot;:&quot;0&quot;,&quot;iso&quot;:&quot;0&quot;,&quot;shutter_speed&quot;:&quot;0&quot;,&quot;title&quot;:&quot;&quot;,&quot;orientation&quot;:&quot;0&quot;}\" data-image-title=\"020FBD67-08BC-4940-B54C-A1743EFD9558\" data-image-description=\"\" data-image-caption=\"\" data-medium-file=\"https:\/\/i0.wp.com\/wanderlustfirst.eu\/wp-content\/uploads\/2019\/09\/020FBD67-08BC-4940-B54C-A1743EFD9558.jpeg?fit=300%2C300&amp;ssl=1\" data-large-file=\"https:\/\/i0.wp.com\/wanderlustfirst.eu\/wp-content\/uploads\/2019\/09\/020FBD67-08BC-4940-B54C-A1743EFD9558.jpeg?fit=466%2C466&amp;ssl=1\" decoding=\"async\" loading=\"lazy\" width=\"466\" height=\"466\" src=\"https:\/\/i0.wp.com\/wanderlustfirst.eu\/wp-content\/uploads\/2019\/09\/020FBD67-08BC-4940-B54C-A1743EFD9558.jpeg?resize=466%2C466&#038;ssl=1\" alt=\"\" data-id=\"148\" data-link=\"https:\/\/wanderlustfirst.eu\/?attachment_id=148\" class=\"wp-image-148\" srcset=\"https:\/\/i0.wp.com\/wanderlustfirst.eu\/wp-content\/uploads\/2019\/09\/020FBD67-08BC-4940-B54C-A1743EFD9558.jpeg?w=466&amp;ssl=1 466w, https:\/\/i0.wp.com\/wanderlustfirst.eu\/wp-content\/uploads\/2019\/09\/020FBD67-08BC-4940-B54C-A1743EFD9558.jpeg?resize=150%2C150&amp;ssl=1 150w, https:\/\/i0.wp.com\/wanderlustfirst.eu\/wp-content\/uploads\/2019\/09\/020FBD67-08BC-4940-B54C-A1743EFD9558.jpeg?resize=300%2C300&amp;ssl=1 300w, https:\/\/i0.wp.com\/wanderlustfirst.eu\/wp-content\/uploads\/2019\/09\/020FBD67-08BC-4940-B54C-A1743EFD9558.jpeg?resize=100%2C100&amp;ssl=1 100w\" sizes=\"(max-width: 466px) 100vw, 466px\" title=\"\" data-recalc-dims=\"1\"><\/figure><\/li><\/ul><\/figure>\n\n\n\n<hr class=\"wp-block-separator is-style-wide\"\/>\n\n\n\n<h4>M\u00f6chtest Du mich auch unterst\u00fctzen? <\/h4>\n\n\n\n<p>Selbst eine kleine Spende, um das Motorrad unterwegs zu tanken, hilft sehr! <\/p>\n\n\n\n<p class=\"has-text-align-left\">Es gibt zwei einfache Optionen, mich mit Deiner Spende zu unterst\u00fctzen: <br>1. Paypal (siehe Logo-Link darunter)<br>2. Revolut (wenn Du ein Revolutkonto besitzt und mich in Deinen Kontakten hast)<\/p>\n\n\n\n<form action=\"https:\/\/www.paypal.com\/cgi-bin\/webscr\" method=\"post\" target=\"_top\">\n<input type=\"hidden\" name=\"cmd\" value=\"_s-xclick\">\n<input type=\"hidden\" name=\"hosted_button_id\" value=\"Z7E8JHN7Z8A76\">\n<input type=\"image\" src=\"https:\/\/www.paypalobjects.com\/en_US\/DK\/i\/btn\/btn_donateCC_LG.gif\" border=\"0\" name=\"submit\" title=\"PayPal - The safer, easier way to pay online!\" alt=\"Donate with PayPal button\">\n<img decoding=\"async\" loading=\"lazy\" alt=\"\" border=\"0\" src=\"https:\/\/i0.wp.com\/www.paypal.com\/en_DE\/i\/scr\/pixel.gif?resize=1%2C1&#038;ssl=1\" width=\"1\" height=\"1\" title=\"\" data-recalc-dims=\"1\">\n<\/form>\n\n\n\n<p><\/p>\n","protected":false},"excerpt":{"rendered":"<p>Was w\u00e4re so ein Projekt ohne Partner! F\u00fcr die Unterst\u00fctzung bei den Vorbereitungen f\u00fcr die Reise mein Dank gilt insbesondere: BMW Fallert Motorradtechnik in Achern Danke f\u00fcr die optimale Vorbereitung der Maschine f\u00fcr die lange Reise! Oxygym in Baden-Baden Danke f\u00fcr die bestm\u00f6gliche physische Vorbereitung des Fahrers und die vielen guten Tipps, wie man unterwegs &hellip; <\/p>\n<p class=\"link-more\"><a href=\"https:\/\/wanderlustfirst.eu\/?page_id=131\" class=\"more-link\"><span class=\"screen-reader-text\">\u201ePartner\u201c<\/span> weiterlesen<\/a><\/p>\n","protected":false},"author":1,"featured_media":0,"parent":157,"menu_order":2,"comment_status":"closed","ping_status":"closed","template":"","meta":[],"jetpack_likes_enabled":true,"jetpack_shortlink":"https:\/\/wp.me\/Pbd5ZF-27","_links":{"self":[{"href":"https:\/\/wanderlustfirst.eu\/index.php?rest_route=\/wp\/v2\/pages\/131"}],"collection":[{"href":"https:\/\/wanderlustfirst.eu\/index.php?rest_route=\/wp\/v2\/pages"}],"about":[{"href":"https:\/\/wanderlustfirst.eu\/index.php?rest_route=\/wp\/v2\/types\/page"}],"author":[{"embeddable":true,"href":"https:\/\/wanderlustfirst.eu\/index.php?rest_route=\/wp\/v2\/users\/1"}],"replies":[{"embeddable":true,"href":"https:\/\/wanderlustfirst.eu\/index.php?rest_route=%2Fwp%2Fv2%2Fcomments&post=131"}],"version-history":[{"count":18,"href":"https:\/\/wanderlustfirst.eu\/index.php?rest_route=\/wp\/v2\/pages\/131\/revisions"}],"predecessor-version":[{"id":2788,"href":"https:\/\/wanderlustfirst.eu\/index.php?rest_route=\/wp\/v2\/pages\/131\/revisions\/2788"}],"up":[{"embeddable":true,"href":"https:\/\/wanderlustfirst.eu\/index.php?rest_route=\/wp\/v2\/pages\/157"}],"wp:attachment":[{"href":"https:\/\/wanderlustfirst.eu\/index.php?rest_route=%2Fwp%2Fv2%2Fmedia&parent=131"}],"curies":[{"name":"wp","href":"https:\/\/api.w.org\/{rel}","templated":true}]}}