{"id":157,"date":"2019-09-20T19:14:58","date_gmt":"2019-09-20T19:14:58","guid":{"rendered":"https:\/\/wanderlustfirst.eu\/?page_id=157"},"modified":"2020-08-09T16:48:29","modified_gmt":"2020-08-09T14:48:29","slug":"ueber-mich","status":"publish","type":"page","link":"https:\/\/wanderlustfirst.eu\/?page_id=157","title":{"rendered":"\u00dcber mich"},"content":{"rendered":"\n<div class=\"wp-block-image\"><figure class=\"alignleft size-large is-resized\"><img data-attachment-id=\"4507\" data-permalink=\"https:\/\/wanderlustfirst.eu\/?attachment_id=4507\" data-orig-file=\"https:\/\/i0.wp.com\/wanderlustfirst.eu\/wp-content\/uploads\/2020\/08\/20191110_N_unterwegs_043.jpeg?fit=1500%2C1125&amp;ssl=1\" data-orig-size=\"1500,1125\" data-comments-opened=\"1\" data-image-meta=\"{&quot;aperture&quot;:&quot;1.8&quot;,&quot;credit&quot;:&quot;&quot;,&quot;camera&quot;:&quot;iPhone XS&quot;,&quot;caption&quot;:&quot;&quot;,&quot;created_timestamp&quot;:&quot;1573384159&quot;,&quot;copyright&quot;:&quot;&quot;,&quot;focal_length&quot;:&quot;4.25&quot;,&quot;iso&quot;:&quot;25&quot;,&quot;shutter_speed&quot;:&quot;0.0014492753623188&quot;,&quot;title&quot;:&quot;&quot;,&quot;orientation&quot;:&quot;0&quot;}\" data-image-title=\"20191110_N_unterwegs_043\" data-image-description=\"\" data-image-caption=\"\" data-medium-file=\"https:\/\/i0.wp.com\/wanderlustfirst.eu\/wp-content\/uploads\/2020\/08\/20191110_N_unterwegs_043.jpeg?fit=300%2C225&amp;ssl=1\" data-large-file=\"https:\/\/i0.wp.com\/wanderlustfirst.eu\/wp-content\/uploads\/2020\/08\/20191110_N_unterwegs_043.jpeg?fit=525%2C394&amp;ssl=1\" decoding=\"async\" loading=\"lazy\" src=\"https:\/\/i0.wp.com\/wanderlustfirst.eu\/wp-content\/uploads\/2020\/08\/20191110_N_unterwegs_043.jpeg?resize=369%2C276&#038;ssl=1\" alt=\"Unterwegs in Nigeria\" class=\"wp-image-4507\" width=\"369\" height=\"276\" title=\"Unterwegs in Nigeria\" srcset=\"https:\/\/i0.wp.com\/wanderlustfirst.eu\/wp-content\/uploads\/2020\/08\/20191110_N_unterwegs_043.jpeg?resize=1024%2C768&amp;ssl=1 1024w, https:\/\/i0.wp.com\/wanderlustfirst.eu\/wp-content\/uploads\/2020\/08\/20191110_N_unterwegs_043.jpeg?resize=300%2C225&amp;ssl=1 300w, https:\/\/i0.wp.com\/wanderlustfirst.eu\/wp-content\/uploads\/2020\/08\/20191110_N_unterwegs_043.jpeg?resize=768%2C576&amp;ssl=1 768w, https:\/\/i0.wp.com\/wanderlustfirst.eu\/wp-content\/uploads\/2020\/08\/20191110_N_unterwegs_043.jpeg?w=1500&amp;ssl=1 1500w\" sizes=\"(max-width: 369px) 100vw, 369px\" data-recalc-dims=\"1\" \/><figcaption>Unterwegs in Nigeria<\/figcaption><\/figure><\/div>\n\n\n\n<p>Jahrgang 1974, aufgewachsen in einer Kleinstadt in Polen: Sandomierz. Studiert habe ich an der Universit\u00e4t Leipzig: Politikwissenschaften und Japanologie. <\/p>\n\n\n\n<p>Meine Sprachen: Deutsch, Polnisch, Englisch, Japanisch und Spanisch. <\/p>\n\n\n\n<p>Vom 1. Juli 2019 bis zum 30. Juni 2020 befand ich im Sabbatical, um mich zwei meiner gr\u00f6\u00dften Passionen zu widmen: der Fotografie und dem Reisen. Geplant war die Umrundung des afrikanischen Kontinents auf dem Motorrad. Bedingt durch die Corona-Situation endete die Reise leider bereits in Nairobi\/Kenia.<\/p>\n\n\n\n<p>Auf dieser Seite habe ich versucht,  meine Eindrucke von der Reise in Form eines Reiseblogs festzuhalten. <\/p>\n\n\n\n<p>Meine Fotos von den vorherigen Reisen findest du hier: <a href=\"https:\/\/www.sliwa.photography\" class=\"rank-math-link\" target=\"_blank\" rel=\"noopener\">https:\/\/www.sliwa.photography <\/a><\/p>\n\n\n\n<hr class=\"wp-block-separator\"\/>\n\n\n\n<p>Hauptberuflich bin ich bei den Baden-Badener Unternehmer-Gespr\u00e4chen t\u00e4tig, einer der gr\u00f6\u00dften und wichtigsten Netzwerken der deutschen und europ\u00e4ischen Wirtschaft. Bei den BBUG verantworte ich den Bereich \u201eAlumni Programme\u201c. Ich plane und organisiere f\u00fcr das Top-Management der deutschen Konzerne Tagungen in den europ\u00e4ischen Metropolen.<\/p>\n\n\n\n<hr class=\"wp-block-separator\"\/>\n\n\n\n<p>\u00a9 all rights reserved \/ alle Rechte vorbehalten<\/p>\n\n\n\n<hr class=\"wp-block-separator\"\/>\n\n\n\n<p>Hier geht es zur <a href=\"https:\/\/wanderlustfirst.eu\/?page_id=4\" class=\"rank-math-link\">Datenschutzerkl\u00e4rung<\/a><\/p>\n","protected":false},"excerpt":{"rendered":"<p>Jahrgang 1974, aufgewachsen in einer Kleinstadt in Polen: Sandomierz. Studiert habe ich an der Universit\u00e4t Leipzig: Politikwissenschaften und Japanologie. Meine Sprachen: Deutsch, Polnisch, Englisch, Japanisch und Spanisch. Vom 1. Juli 2019 bis zum 30. Juni 2020 befand ich im Sabbatical, um mich zwei meiner gr\u00f6\u00dften Passionen zu widmen: der Fotografie und dem Reisen. Geplant war &hellip; <\/p>\n<p class=\"link-more\"><a href=\"https:\/\/wanderlustfirst.eu\/?page_id=157\" class=\"more-link\"><span class=\"screen-reader-text\">\u201e\u00dcber mich\u201c<\/span> weiterlesen<\/a><\/p>\n","protected":false},"author":1,"featured_media":0,"parent":0,"menu_order":6,"comment_status":"closed","ping_status":"closed","template":"","meta":[],"jetpack_likes_enabled":true,"jetpack_shortlink":"https:\/\/wp.me\/Pbd5ZF-2x","_links":{"self":[{"href":"https:\/\/wanderlustfirst.eu\/index.php?rest_route=\/wp\/v2\/pages\/157"}],"collection":[{"href":"https:\/\/wanderlustfirst.eu\/index.php?rest_route=\/wp\/v2\/pages"}],"about":[{"href":"https:\/\/wanderlustfirst.eu\/index.php?rest_route=\/wp\/v2\/types\/page"}],"author":[{"embeddable":true,"href":"https:\/\/wanderlustfirst.eu\/index.php?rest_route=\/wp\/v2\/users\/1"}],"replies":[{"embeddable":true,"href":"https:\/\/wanderlustfirst.eu\/index.php?rest_route=%2Fwp%2Fv2%2Fcomments&post=157"}],"version-history":[{"count":11,"href":"https:\/\/wanderlustfirst.eu\/index.php?rest_route=\/wp\/v2\/pages\/157\/revisions"}],"predecessor-version":[{"id":4509,"href":"https:\/\/wanderlustfirst.eu\/index.php?rest_route=\/wp\/v2\/pages\/157\/revisions\/4509"}],"wp:attachment":[{"href":"https:\/\/wanderlustfirst.eu\/index.php?rest_route=%2Fwp%2Fv2%2Fmedia&parent=157"}],"curies":[{"name":"wp","href":"https:\/\/api.w.org\/{rel}","templated":true}]}}